{"id":9,"date":"2010-03-25T12:38:17","date_gmt":"2010-03-25T10:38:17","guid":{"rendered":"http:\/\/www.duo-ossenkopp.de\/duo\/?page_id=9"},"modified":"2014-02-07T09:43:44","modified_gmt":"2014-02-07T07:43:44","slug":"termine","status":"publish","type":"page","link":"https:\/\/www.duo-ossenkopp.de\/?page_id=9","title":{"rendered":"LAND AN&#8217;T MEER"},"content":{"rendered":"<p><strong>Hallo un gauden Dach secht das Duo OSSENKOPP.<\/strong><\/p>\n<p>Liebe Freunde der <strong>plattdeutschen Musik<\/strong> und solche die das nicht Allt\u00e4gliche suchen, aber nat\u00fcrlich auch diejenigen, die weder das eine noch das andere bevorzugen, sondern einfach nur an ein <strong>Geschenk<\/strong> denken&#8230;<\/p>\n<p>Ende 2010 erschien endlich unsere <strong>neue CD<\/strong> mit dem vielversprechenden Titel <strong>\u201cLAND AN\u2018T MEER\u201c<\/strong>. Die Freude \u00fcber das entstandene Produkt ist gro\u00df, zumal wir viel Wert auf Qualit\u00e4t, nicht nur was die Produktion der 14 Titel betraf, sondern auch am Outfit der CD, legten. Euch erwartet ein 6-seitiges, klappbares DigiPack mit Infos, Bildern und einem Textheftchen (Booklet). Viel Spa\u00df<\/p>\n<p>Ihr entdeckt solche bekannten Titel auf der Scheibe wie \u201eSchwiegermudder\u201c oder \u201eMinschen ut&#8217;n Norden\u201c, die bereits seit l\u00e4ngerem im Rundfunk laufen, \u00fcbrigens noch einmal neu abgemischt! Nat\u00fcrlich findet Ihr auch den letztj\u00e4hrigen Siegertitel \u201eLand an\u2018t Meer\u201c des von NDR-Radio MV publizierten plattdeutschen Liedwettbewerbs \u201eMusik ut uns Land\u201c, der sich mit zwei weiteren Titeln unter 42 eingesendeten Songs als einer der Siegertitel durchsetzten konnte. Klar, dass wir darauf auch ein bisschen stolz sind. Viele weitere tolle Titel wie Grotmudder, De Furz, u.a. erwarten Euch. Man(n)\/Frau wird sie \u00f6fter h\u00f6ren wollen, unser und Euer \u201eLAND AN\u2018T MEER\u201c! PS: F\u00fcr alle Liebhaber der Insel Usedom mit neuem \u201eUsedom\u201c-Lied \/ hochdeutsch<\/p>\n<p>F\u00fcr unsere, zum Gl\u00fcck, relativ gro\u00dfe Fangemeinde bieten wir die Scheibe zum Dankesch\u00f6n-Preis von 12,95 \u20ac an, zzgl. Versand\/Verpackung (3,00 \u20ac), incl. Autogramm! Wir hoffen mit dem Preis auch einmal DANKESCH\u00d6N sagen zu k\u00f6nnen.<\/p>\n<p>Bei der Abnahme einer weiteren CD, z.B. als Geschenk (2 bis 4 St\u00fcck), gibt es nat\u00fcrlich den Dankesch\u00f6n-Preis, aber es entfallen die zus\u00e4tzlichen Versandkosten. Bei der Abnahme von f\u00fcnf und mehr CDs k\u00f6nnt Ihr noch einmal 10% vom Dankesch\u00f6n-Preis abrechnen, alles nat\u00fcrlich spesenfrei!<\/p>\n<p><strong>Hotline: 0173 6089511 oder schmidtmusik@web.de<\/strong><\/p>\n<p>Dankesch\u00f6n auch falls Ihr Euch nicht melden solltet, f\u00fcrs Daumendr\u00fccken allemal&#8230; usw.<\/p>\n<p>Tsch\u00fcss un hollt juuch fuchtig, oewer wi h\u00fcrn un seihn uns vielleicht ja mal, juuch Ossenk\u00f6pp Martin un Otto<\/p>\n","protected":false},"excerpt":{"rendered":"<p>Hallo un gauden Dach secht das Duo OSSENKOPP. Liebe Freunde der plattdeutschen Musik und solche die das nicht Allt\u00e4gliche suchen, aber nat\u00fcrlich auch diejenigen, die weder das eine noch das andere bevorzugen, sondern einfach nur an ein Geschenk denken&#8230; Ende 2010 erschien endlich unsere neue CD mit dem vielversprechenden Titel \u201cLAND AN\u2018T MEER\u201c. Die Freude &hellip; <a href=\"https:\/\/www.duo-ossenkopp.de\/?page_id=9\" class=\"more-link\"><span class=\"screen-reader-text\">LAND AN&#8217;T MEER<\/span> weiterlesen <span class=\"meta-nav\">&rarr;<\/span><\/a><\/p>\n","protected":false},"author":1,"featured_media":0,"parent":0,"menu_order":2,"comment_status":"closed","ping_status":"closed","template":"","meta":{"footnotes":""},"class_list":["post-9","page","type-page","status-publish","hentry"],"_links":{"self":[{"href":"https:\/\/www.duo-ossenkopp.de\/index.php?rest_route=\/wp\/v2\/pages\/9","targetHints":{"allow":["GET"]}}],"collection":[{"href":"https:\/\/www.duo-ossenkopp.de\/index.php?rest_route=\/wp\/v2\/pages"}],"about":[{"href":"https:\/\/www.duo-ossenkopp.de\/index.php?rest_route=\/wp\/v2\/types\/page"}],"author":[{"embeddable":true,"href":"https:\/\/www.duo-ossenkopp.de\/index.php?rest_route=\/wp\/v2\/users\/1"}],"replies":[{"embeddable":true,"href":"https:\/\/www.duo-ossenkopp.de\/index.php?rest_route=%2Fwp%2Fv2%2Fcomments&post=9"}],"version-history":[{"count":25,"href":"https:\/\/www.duo-ossenkopp.de\/index.php?rest_route=\/wp\/v2\/pages\/9\/revisions"}],"predecessor-version":[{"id":325,"href":"https:\/\/www.duo-ossenkopp.de\/index.php?rest_route=\/wp\/v2\/pages\/9\/revisions\/325"}],"wp:attachment":[{"href":"https:\/\/www.duo-ossenkopp.de\/index.php?rest_route=%2Fwp%2Fv2%2Fmedia&parent=9"}],"curies":[{"name":"wp","href":"https:\/\/api.w.org\/{rel}","templated":true}]}}