{"id":53,"date":"2010-03-26T09:01:50","date_gmt":"2010-03-26T07:01:50","guid":{"rendered":"http:\/\/www.duo-ossenkopp.de\/?page_id=53"},"modified":"2018-09-17T08:16:38","modified_gmt":"2018-09-17T06:16:38","slug":"kontakt","status":"publish","type":"page","link":"https:\/\/www.duo-ossenkopp.de\/?page_id=53","title":{"rendered":"KONTAKT"},"content":{"rendered":"<p><strong>KEIN PLAYBACK \u2013 ALLES LIVE<\/strong><\/p>\n<p>Einen Gru\u00df aus Meck-Pomm senden Euch die OSSENK\u00d6PP.<br \/>\nWi s\u00fcnd Minschen ut&#8217;n Norden, wi s\u00fcnd Kinner ut Meck-Pomm.<br \/>\nPlattdeutsche Lieder und Unterhaltung mit Witz &amp; Charme.<br \/>\nEin Programm f\u00fcr jede Gelegenheit. Ihr ruft, wir kommen!<\/p>\n<p><strong>RUFT UNS AN&#8230;<\/strong><\/p>\n<p>Dietmar O. Schmidt und Martin Korn<br \/>\nSpeicherstr. 11a<br \/>\n18273 G\u00fcstrow<br \/>\nTelefon: +491736089511<br \/>\nE-Mail: schmidtmusik(at)web.de<br \/>\nwww.duo-ossenkopp.de<\/p>\n<p><strong>&#8230; ODER SCHREIBT UNS EINE NACHRICHT!<\/strong><br \/>\n\n<div class=\"wpcf7 no-js\" id=\"wpcf7-f286-o1\" lang=\"en-US\" dir=\"ltr\" data-wpcf7-id=\"286\">\n<div class=\"screen-reader-response\"><p role=\"status\" aria-live=\"polite\" aria-atomic=\"true\"><\/p> <ul><\/ul><\/div>\n<form action=\"\/index.php?rest_route=%2Fwp%2Fv2%2Fpages%2F53#wpcf7-f286-o1\" method=\"post\" class=\"wpcf7-form init\" aria-label=\"Contact form\" novalidate=\"novalidate\" data-status=\"init\">\n<fieldset class=\"hidden-fields-container\"><input type=\"hidden\" name=\"_wpcf7\" value=\"286\" \/><input type=\"hidden\" name=\"_wpcf7_version\" value=\"6.1.5\" \/><input type=\"hidden\" name=\"_wpcf7_locale\" value=\"en_US\" \/><input type=\"hidden\" name=\"_wpcf7_unit_tag\" value=\"wpcf7-f286-o1\" \/><input type=\"hidden\" name=\"_wpcf7_container_post\" value=\"0\" \/><input type=\"hidden\" name=\"_wpcf7_posted_data_hash\" value=\"\" \/>\n<\/fieldset>\n<p>Name (Pflichtfeld)\n<\/p>\n<p><span class=\"wpcf7-form-control-wrap\" data-name=\"your-name\"><input size=\"40\" maxlength=\"400\" class=\"wpcf7-form-control wpcf7-text wpcf7-validates-as-required\" aria-required=\"true\" aria-invalid=\"false\" value=\"\" type=\"text\" name=\"your-name\" \/><\/span>\n<\/p>\n<p>Email (Pflichtfeld)\n<\/p>\n<p><span class=\"wpcf7-form-control-wrap\" data-name=\"your-email\"><input size=\"40\" maxlength=\"400\" class=\"wpcf7-form-control wpcf7-email wpcf7-validates-as-required wpcf7-text wpcf7-validates-as-email\" aria-required=\"true\" aria-invalid=\"false\" value=\"\" type=\"email\" name=\"your-email\" \/><\/span>\n<\/p>\n<p>Betreff\n<\/p>\n<p><span class=\"wpcf7-form-control-wrap\" data-name=\"your-subject\"><input size=\"40\" maxlength=\"400\" class=\"wpcf7-form-control wpcf7-text wpcf7-validates-as-required\" aria-required=\"true\" aria-invalid=\"false\" value=\"\" type=\"text\" name=\"your-subject\" \/><\/span>\n<\/p>\n<p>Nachricht\n<\/p>\n<p><span class=\"wpcf7-form-control-wrap\" data-name=\"your-message\"><textarea cols=\"40\" rows=\"10\" maxlength=\"2000\" class=\"wpcf7-form-control wpcf7-textarea\" aria-invalid=\"false\" name=\"your-message\"><\/textarea><\/span>\n<\/p>\n<p><input class=\"wpcf7-form-control wpcf7-submit has-spinner\" type=\"submit\" value=\"Senden\" \/>\n<\/p><div class=\"wpcf7-response-output\" aria-hidden=\"true\"><\/div>\n<\/form>\n<\/div>\n<\/p>\n<hr \/>\n<p><img decoding=\"async\" src=\"https:\/\/www.duo-ossenkopp.de\/wp-content\/uploads\/2010\/4221.jpg\" alt=\"\" \/><\/p>\n","protected":false},"excerpt":{"rendered":"<p>KEIN PLAYBACK \u2013 ALLES LIVE Einen Gru\u00df aus Meck-Pomm senden Euch die OSSENK\u00d6PP. Wi s\u00fcnd Minschen ut&#8217;n Norden, wi s\u00fcnd Kinner ut Meck-Pomm. Plattdeutsche Lieder und Unterhaltung mit Witz &amp; Charme. Ein Programm f\u00fcr jede Gelegenheit. Ihr ruft, wir kommen! RUFT UNS AN&#8230; Dietmar O. Schmidt und Martin Korn Speicherstr. 11a 18273 G\u00fcstrow Telefon: +491736089511 &hellip; <a href=\"https:\/\/www.duo-ossenkopp.de\/?page_id=53\" class=\"more-link\"><span class=\"screen-reader-text\">KONTAKT<\/span> weiterlesen <span class=\"meta-nav\">&rarr;<\/span><\/a><\/p>\n","protected":false},"author":1,"featured_media":0,"parent":0,"menu_order":8,"comment_status":"closed","ping_status":"closed","template":"","meta":{"footnotes":""},"class_list":["post-53","page","type-page","status-publish","hentry"],"_links":{"self":[{"href":"https:\/\/www.duo-ossenkopp.de\/index.php?rest_route=\/wp\/v2\/pages\/53","targetHints":{"allow":["GET"]}}],"collection":[{"href":"https:\/\/www.duo-ossenkopp.de\/index.php?rest_route=\/wp\/v2\/pages"}],"about":[{"href":"https:\/\/www.duo-ossenkopp.de\/index.php?rest_route=\/wp\/v2\/types\/page"}],"author":[{"embeddable":true,"href":"https:\/\/www.duo-ossenkopp.de\/index.php?rest_route=\/wp\/v2\/users\/1"}],"replies":[{"embeddable":true,"href":"https:\/\/www.duo-ossenkopp.de\/index.php?rest_route=%2Fwp%2Fv2%2Fcomments&post=53"}],"version-history":[{"count":32,"href":"https:\/\/www.duo-ossenkopp.de\/index.php?rest_route=\/wp\/v2\/pages\/53\/revisions"}],"predecessor-version":[{"id":357,"href":"https:\/\/www.duo-ossenkopp.de\/index.php?rest_route=\/wp\/v2\/pages\/53\/revisions\/357"}],"wp:attachment":[{"href":"https:\/\/www.duo-ossenkopp.de\/index.php?rest_route=%2Fwp%2Fv2%2Fmedia&parent=53"}],"curies":[{"name":"wp","href":"https:\/\/api.w.org\/{rel}","templated":true}]}}