{"id":17,"date":"2010-03-25T12:41:12","date_gmt":"2010-03-25T10:41:12","guid":{"rendered":"http:\/\/www.duo-ossenkopp.de\/duo\/?page_id=17"},"modified":"2014-02-07T09:48:34","modified_gmt":"2014-02-07T07:48:34","slug":"presse","status":"publish","type":"page","link":"https:\/\/www.duo-ossenkopp.de\/?page_id=17","title":{"rendered":"PRESSE"},"content":{"rendered":"<p>Musik ut\u2018n Norden mit OSSENKOPP<\/p>\n<p>Endlich \u201eLand in Sicht\u201c, sagt und singt das Duo Ossenkopp, wenn sie von Ihren Auftritten nach Hause zur\u00fcckkehren. Manchmal provozieren sie aber genau mit dem Gegenteil, wenn sie behaupten \u201ePlatt starft ut\u201c! Viel wichtiger ist dennoch, dass die beiden als Duo seit 1992 viel daf\u00fcr tun, dass die Sprache nicht in Vergessenheit ger\u00e4t. Dietmar Schmidt, geb\u00fcrtiger Insulaner von der wundersch\u00f6nen Insel Usedom und Martin Korn, geb\u00fcrtiger Wismaraner, leben auch auf der B\u00fchne die neue Verbundenheit von Pommern bis Mecklenburg oder genau anders herum. Beide sch\u00e4tzen das alte plattdeutsche Liedgut, aber f\u00fcr ihre Programme verwenden Sie nat\u00fcrlich auch viele eigene Texte. In ihnen erz\u00e4hlen sie von ihrer Kinderzeit, von der \u201eGrotmudder\u201c, bei der es Tollatsch und Kl\u00fcddersupp gab.<\/p>\n<p>Nach einem st\u00fcrmischen Tag auf der Ahlbecker See entstand das Lied \u201eStormgebruus\u201c, das auch ihrer ersten CD den Titel gab und auch die dem Wind strotzende Kiefer am Dar\u00dfer Weststrand hat als \u201eWindfl\u00fcchter\u201c ihre Verewigung gefunden. Beide Ossenk\u00f6ppe erz\u00e4hlen singend aus ihrem Leben in Meck-Pomm, von Begegnungen mit besonderen Menschen und von ihren Tr\u00e4umen. Das Duo probiert sich in vielen musikalischen Richtungen aus und auch der Spa\u00df kommt nicht zu kurz wenn \u201eSchwiegermudder\u201c die Lachmuskeln strapaziert und Martin und Otto, alias Dietmar mit Boddermelk-(Blues) und vielen anderen bekannten Liedern, wie \u201eS\u00fc\u00dfa hast ma n\u2018L\u00fctten\u201c, dem Publikum zuprosten und zum Mitsingen einladen.<\/p>\n<p>Dass \u00e4ltere und junge Zuh\u00f6rer ihre Musik annehmen, erlebten sie bisher auf unz\u00e4hligen Festen landauf, landab! Bei so manchem Radio- und TV-Sender waren sie inzwischen beliebte G\u00e4ste. Aber auch im Ausland gab es z\u00fcnftige Musik aus den Ossenkopp-Verst\u00e4rkern zu h\u00f6ren. Neue Geschichten in einer alten Sprache will Ossenkopp auch in Zukunft erz\u00e4hlen und \u00fcber ein Land, in dem es sich zu streiten und zu leben lohnt! Mit unserem und Eurem \u201eLand an\u2018t Meer\u201c, Ihrer neuen CD!<\/p>\n<p>Hinweis: Bitte ver\u00f6ffentlichen Sie den ganzen Text oder einige von der Redaktion ausgew\u00e4hlte, m\u00f6glichst zusammenh\u00e4ngende Textabschnitte. Bitte keine \u00c4nderungen in den S\u00e4tzen vornehmen.<\/p>\n<p>Vielen Dank<\/p>\n","protected":false},"excerpt":{"rendered":"<p>Musik ut\u2018n Norden mit OSSENKOPP Endlich \u201eLand in Sicht\u201c, sagt und singt das Duo Ossenkopp, wenn sie von Ihren Auftritten nach Hause zur\u00fcckkehren. Manchmal provozieren sie aber genau mit dem Gegenteil, wenn sie behaupten \u201ePlatt starft ut\u201c! Viel wichtiger ist dennoch, dass die beiden als Duo seit 1992 viel daf\u00fcr tun, dass die Sprache nicht &hellip; <a href=\"https:\/\/www.duo-ossenkopp.de\/?page_id=17\" class=\"more-link\"><span class=\"screen-reader-text\">PRESSE<\/span> weiterlesen <span class=\"meta-nav\">&rarr;<\/span><\/a><\/p>\n","protected":false},"author":1,"featured_media":0,"parent":0,"menu_order":3,"comment_status":"closed","ping_status":"closed","template":"","meta":{"footnotes":""},"class_list":["post-17","page","type-page","status-publish","hentry"],"_links":{"self":[{"href":"https:\/\/www.duo-ossenkopp.de\/index.php?rest_route=\/wp\/v2\/pages\/17","targetHints":{"allow":["GET"]}}],"collection":[{"href":"https:\/\/www.duo-ossenkopp.de\/index.php?rest_route=\/wp\/v2\/pages"}],"about":[{"href":"https:\/\/www.duo-ossenkopp.de\/index.php?rest_route=\/wp\/v2\/types\/page"}],"author":[{"embeddable":true,"href":"https:\/\/www.duo-ossenkopp.de\/index.php?rest_route=\/wp\/v2\/users\/1"}],"replies":[{"embeddable":true,"href":"https:\/\/www.duo-ossenkopp.de\/index.php?rest_route=%2Fwp%2Fv2%2Fcomments&post=17"}],"version-history":[{"count":7,"href":"https:\/\/www.duo-ossenkopp.de\/index.php?rest_route=\/wp\/v2\/pages\/17\/revisions"}],"predecessor-version":[{"id":327,"href":"https:\/\/www.duo-ossenkopp.de\/index.php?rest_route=\/wp\/v2\/pages\/17\/revisions\/327"}],"wp:attachment":[{"href":"https:\/\/www.duo-ossenkopp.de\/index.php?rest_route=%2Fwp%2Fv2%2Fmedia&parent=17"}],"curies":[{"name":"wp","href":"https:\/\/api.w.org\/{rel}","templated":true}]}}